{"id":219757,"date":"2023-12-27T15:36:57","date_gmt":"2023-12-27T14:36:57","guid":{"rendered":"https:\/\/www.drelias.ch\/\/face\/minilift\/"},"modified":"2025-04-02T15:46:14","modified_gmt":"2025-04-02T13:46:14","slug":"minilift","status":"publish","type":"page","link":"https:\/\/www.drelias.ch\/en\/face\/minilift\/","title":{"rendered":"Minilift"},"content":{"rendered":"\t\t<div data-elementor-type=\"wp-page\" data-elementor-id=\"219757\" class=\"elementor elementor-219757 elementor-2589\">\n\t\t\t\t\t\t<section class=\"xts-negative-gap elementor-section elementor-top-section elementor-element elementor-element-894c017 elementor-section-boxed elementor-section-height-default elementor-section-height-default xts-section-disabled\" data-id=\"894c017\" data-element_type=\"section\" data-e-type=\"section\">\n\t\t\t\t\t\t<div class=\"elementor-container elementor-column-gap-wider\">\n\t\t\t\t\t<div class=\"elementor-column elementor-col-100 elementor-top-column elementor-element elementor-element-82d3d55\" data-id=\"82d3d55\" data-element_type=\"column\" data-e-type=\"column\">\n\t\t\t<div class=\"elementor-widget-wrap elementor-element-populated\">\n\t\t\t\t\t\t<div class=\"elementor-element elementor-element-fc28054 elementor-widget elementor-widget-xts_title\" data-id=\"fc28054\" data-element_type=\"widget\" data-e-type=\"widget\" data-widget_type=\"xts_title.default\">\n\t\t\t\t<div class=\"elementor-widget-container\">\n\t\t\t\t\t\t\t\t<div class=\"xts-section-heading xts-reset-mb-10 xts-reset-last xts-textalign-left\" data-animation-delay=\"\">\r\n\t\t\t\t\r\n\t\t\t\t\r\n\t\t\t\t\r\n\t\t\t\t\t\t\t\t\t<div class=\"xts-section-desc\">\r\n\t\t\t\t\t\t<div class=\"xts-section-desc-text xts-reset-all-last\" data-elementor-setting-key=\"description\">\r\n\t\t\t\t\t\t\t<p style=\"text-align: justify;\"><strong>Mini facelift<\/strong> or micro facelift is the ideal procedure for a first natural facelift. Unlike the cervico-facial lift, which is a complete face-lift, the <strong>mini lift <\/strong>is indicated for the first limited, localized slackening.<\/p><p style=\"text-align: justify;\">A <strong>mini facelift<\/strong> lifts facial muscles that have begun to sag over time.<\/p><p style=\"text-align: justify;\">It is offered to relatively young men and women from the age of 40.<\/p><p style=\"text-align: justify;\">Surgical detachment is limited, so social exclusion is short.<\/p><p style=\"text-align: justify;\">The <strong>mini lift<\/strong> tackles the cause of aging. The muscles are repositioned as they were a few years earlier.<\/p><p style=\"text-align: justify;\">Thanks to the <strong>mini lift<\/strong>, the face looks younger, on average ten years younger.<\/p><p style=\"text-align: justify;\">The oval of the face is restored and the beginnings of jowls are erased.<\/p><p style=\"text-align: justify;\">The fat melting that begins to appear is also corrected by this <strong>mini lift<\/strong> technique.<\/p><p style=\"text-align: justify;\">The ideal age for a <strong>mini lift<\/strong> is around 45.<\/p><p style=\"text-align: justify;\">The <strong>mini lift<\/strong> is most often complemented by non-surgical techniques to achieve real facial rejuvenation. During your <a href=\"\/en\/first-consultation-drelias\/\">consultation<\/a>, Dr. ELIAS plastic surgeon specializing in<strong> mini-lifts in Geneva<\/strong>, can refer you to <a href=\"\/en\/non-surgical\/botuline-toxine\/botox-injection\/\">Botulin toxin\u00a0 injections<\/a> or <a href=\"\/en\/non-surgical\/injectable-fillers\/\">hyaluronic acid<\/a> treatment.<\/p><p style=\"text-align: justify;\">If you are interested in <strong>mini lift<\/strong>, please <a href=\"https:\/\/www.drelias.ch\/en\/contact\/\">contact<\/a> Dr. Elias for more information!<\/p><p style=\"text-align: justify;\">Back to the <a href=\"\/en\/face\/face-and-neck-lift-cervicofacial\/\">facelift<\/a> section<\/p>\t\t\t\t\t\t<\/div>\r\n\t\t\t\t\t<\/div>\r\n\t\t\t\t\t\t\t<\/div>\r\n\t\t\t\t\t\t<\/div>\n\t\t\t\t<\/div>\n\t\t\t\t\t<\/div>\n\t\t<\/div>\n\t\t\t\t\t<\/div>\n\t\t<\/section>\n\t\t\t\t<section class=\"xts-negative-gap elementor-section elementor-top-section elementor-element elementor-element-a0f0a86 elementor-section-boxed elementor-section-height-default elementor-section-height-default xts-section-disabled\" data-id=\"a0f0a86\" data-element_type=\"section\" data-e-type=\"section\">\n\t\t\t\t\t\t<div class=\"elementor-container elementor-column-gap-default\">\n\t\t\t\t\t<div class=\"elementor-column elementor-col-100 elementor-top-column elementor-element elementor-element-7125f79c\" data-id=\"7125f79c\" data-element_type=\"column\" data-e-type=\"column\">\n\t\t\t<div class=\"elementor-widget-wrap elementor-element-populated\">\n\t\t\t\t\t\t<div class=\"elementor-element elementor-element-43728353 elementor-widget elementor-widget-xts_title\" data-id=\"43728353\" data-element_type=\"widget\" data-e-type=\"widget\" data-widget_type=\"xts_title.default\">\n\t\t\t\t<div class=\"elementor-widget-container\">\n\t\t\t\t\t\t\t\t<div class=\"xts-section-heading xts-reset-mb-10 xts-reset-last xts-textalign-center\" data-animation-delay=\"\">\r\n\t\t\t\t\r\n\t\t\t\t\t\t\t\t\t<h5 class=\"xts-section-title title xts-design-default xts-fontsize-l\">\r\n\t\t\t\t\t\t<span class=\"xts-section-title-text\" data-elementor-setting-key=\"title\">\r\n\t\t\t\t\t\t\tTESTIMONIALS\t\t\t\t\t\t<\/span>\r\n\r\n\t\t\t\t\t\t\t\t\t\t\t<\/h5>\r\n\t\t\t\t\r\n\t\t\t\t\r\n\t\t\t\t\t\t\t<\/div>\r\n\t\t\t\t\t\t<\/div>\n\t\t\t\t<\/div>\n\t\t\t\t<div class=\"elementor-element elementor-element-4ca61280 elementor-widget elementor-widget-xts_testimonials\" data-id=\"4ca61280\" data-element_type=\"widget\" data-e-type=\"widget\" data-widget_type=\"xts_testimonials.default\">\n\t\t\t\t<div class=\"elementor-widget-container\">\n\t\t\t\t\t\t\t\t<div class=\"xts-testimonials xts-textalign-center xts-autoplay-animations-off xts-carousel xts-lib-swiper xts-dots- xts-arrows-vpos-sides xts-arrows-design-default xts-init-on-scroll xts-row xts-row-lg-1 xts-row-md-2 xts-row-1 xts-row-spacing-20\"  data-xts-carousel  data-carousel-args='{\"autoplay\":\"no\",\"autoplay_speed\":null,\"infinite_loop\":\"no\",\"center_mode\":\"no\",\"draggable\":\"yes\",\"auto_height\":\"no\",\"init_on_scroll\":\"yes\",\"dots\":\"no\",\"dots_color_scheme\":null,\"arrows\":\"yes\",\"arrows_horizontal_position\":\"\",\"arrows_color_scheme\":\"dark\",\"arrows_vertical_position\":\"sides\",\"arrows_design\":\"default\",\"parent\":\"\",\"center_mode_opacity\":\"no\",\"library\":\"swiper\",\"source\":\"\",\"carousel_items\":{\"unit\":\"px\",\"size\":1,\"sizes\":[]},\"carousel_items_tablet\":{\"size\":2},\"carousel_items_mobile\":{\"size\":1},\"carousel_spacing\":20,\"controls_id\":\"6a04a8547749e\",\"sync\":\"disabled\",\"sync_parent_id\":null,\"sync_child_id\":null}' data-animation-delay=\"\">\r\n\t\t\t\t\t\t\t\t\t\r\n\t\t\t\t\t<div class=\"xts-col\">\r\n\t\t\t\t\t\t\r\n<div class=\"xts-testimonial\">\r\n\t<header class=\"xts-testimonial-header\">\r\n\t\t\r\n\t\t<div class=\"xts-testimonial-author xts-reset-mb-10 xts-reset-all-last\">\r\n\t\t\t\t\t\t\t<span class=\"title xts-testimonial-name xts-fontsize-m\" data-elementor-setting-key=\"testimonials.0.name\">\r\n\t\t\t\t\tAlexandra de Belay\t\t\t\t<\/span>\r\n\t\t\t\r\n\t\t\t\r\n\t\t\t\t\t\t\t<div class=\"xts-testimonial-user-title xts-fontsize-s\" data-elementor-setting-key=\"testimonials.0.title\">\r\n\t\t\t\t\t \t\t\t\t<\/div>\r\n\t\t\t\t\t<\/div>\r\n\t<\/header>\r\n\r\n\t\t\t<div class=\"xts-testimonial-desc\" data-elementor-setting-key=\"testimonials.0.description\">\r\n\t\t\t\nJe me suis faite op\u00e9rer de la poitrine en mars 2018 par Docteur Elias et je suis 100% satisfaite du r\u00e9sultat. D\u00e8s la premi\u00e8re consultation, Docteur Elias a su me mettre \u00e0 l\u2019aise et \u00eatre \u00e0 l\u2019\u00e9coute. J\u2019ai tout de suite eu confiance en lui car il a su me conseiller comme il le fallait avec la bonne taille de poitrine et me rassurer sur mes doutes. L\u2019op\u00e9ration s\u2019est tr\u00e8s bien pass\u00e9e, sans aucun probl\u00e8me et le r\u00e9sultat est stup\u00e9fiant! De plus, la douleur \u00e9tait tout \u00e0 fait supportable. Je suis ravie de ma nouvelle poitrine qui est tr\u00e8s naturelle et adapt\u00e9e \u00e0 mon corps. Les cicatrices disparaissent petit \u00e0 petit, je ne peux que vous conseiller Docteur Elias pour votre future op\u00e9ration!\t\t<\/div>\r\n\t<\/div>\t\t\t\t\t<\/div>\r\n\t\t\t\t\t\t\t\t\t\r\n\t\t\t\t\t<div class=\"xts-col\">\r\n\t\t\t\t\t\t\r\n<div class=\"xts-testimonial\">\r\n\t<header class=\"xts-testimonial-header\">\r\n\t\t\r\n\t\t<div class=\"xts-testimonial-author xts-reset-mb-10 xts-reset-all-last\">\r\n\t\t\t\t\t\t\t<span class=\"title xts-testimonial-name xts-fontsize-m\" data-elementor-setting-key=\"testimonials.1.name\">\r\n\t\t\t\t\tSebastien Perez\t\t\t\t<\/span>\r\n\t\t\t\r\n\t\t\t\r\n\t\t\t\t\t\t\t<div class=\"xts-testimonial-user-title xts-fontsize-s\" data-elementor-setting-key=\"testimonials.1.title\">\r\n\t\t\t\t\t \t\t\t\t<\/div>\r\n\t\t\t\t\t<\/div>\r\n\t<\/header>\r\n\r\n\t\t\t<div class=\"xts-testimonial-desc\" data-elementor-setting-key=\"testimonials.1.description\">\r\n\t\t\t\nUne amie m\u2019a vivement recommand\u00e9 le Dr Elias comme \u00e9tant le meilleur sp\u00e9cialiste de la chirurgie esth\u00e9tique du visage \u00e0 Geneve. Elle me disait qu\u2019il \u00e9tait comp\u00e9tent, humain en plus d\u2019\u00eatre sympa.\nJ\u2019avais l\u2019air toujours fatigu\u00e9 malgr\u00e9 mon jeune \u00e2ge avec des cernes profondes et noires.\nD\u00e8s la premi\u00e8re consultation, il m\u2019a mis en confiance.\nIl m\u2019a propos\u00e9 la derni\u00e8re technique qui associe ma propre graisse \u00e0 mon plasma pour corriger mes cernes. Le r\u00e9sultat est \u00e9poustouflant.\nJ\u2019ai rajeuni, mon regard est frais m\u00eame quand je dors peu.\nAu bout de quelques mois, la couleur fonc\u00e9e s\u2019est nettement att\u00e9nu\u00e9e gr\u00e2ce \u00e0 mon plasma.\nJ\u2019ai beaucoup plus confiance en moi tant sur le plan relationnel que professionnel. Je le recommande vivement.\n\t\t<\/div>\r\n\t<\/div>\t\t\t\t\t<\/div>\r\n\t\t\t\t\t\t\t\t\t\r\n\t\t\t\t\t<div class=\"xts-col\">\r\n\t\t\t\t\t\t\r\n<div class=\"xts-testimonial\">\r\n\t<header class=\"xts-testimonial-header\">\r\n\t\t\r\n\t\t<div class=\"xts-testimonial-author xts-reset-mb-10 xts-reset-all-last\">\r\n\t\t\t\t\t\t\t<span class=\"title xts-testimonial-name xts-fontsize-m\" data-elementor-setting-key=\"testimonials.2.name\">\r\n\t\t\t\t\tJolie Fleur\t\t\t\t<\/span>\r\n\t\t\t\r\n\t\t\t\r\n\t\t\t\t\t\t\t<div class=\"xts-testimonial-user-title xts-fontsize-s\" data-elementor-setting-key=\"testimonials.2.title\">\r\n\t\t\t\t\t \t\t\t\t<\/div>\r\n\t\t\t\t\t<\/div>\r\n\t<\/header>\r\n\r\n\t\t\t<div class=\"xts-testimonial-desc\" data-elementor-setting-key=\"testimonials.2.description\">\r\n\t\t\t\nBonjour, Je me suis faites op\u00e9rer il y\u2019a 5 mois par le docteur Elias ( augmentation mammaire ) et je suis plus que satisfaite du r\u00e9sultat qui n\u2019est d\u2019ailleurs pas encore d\u00e9finitif ! Le Dr Elias est un m\u00e9decin \u00e0 l\u2019\u00e9coute, gentil, disponible, humain, comp\u00e9tent et tr\u00e8s professionnel. Je l\u2019ai connu gr\u00e2ce \u00e0 un ami m\u00e9decin. Je suis RAViE, mes cicatrices sont tr\u00e8s fines,j\u2019ai une magnifique poitrine naturelle je suis tr\u00e8s tr\u00e8s tr\u00e8s contente. \nTout \u00e9tait vraiment parfait du d\u00e9but \u00e0 la fin je vous le recommande \u00e0 100% \ud83d\udc4d. VOUS \u00caTES LE MEILLEUR DOCTEUR ELIAS\t\t<\/div>\r\n\t<\/div>\t\t\t\t\t<\/div>\r\n\t\t\t\t\t\t\t<\/div>\r\n\t\t\t\t\t\t<\/div>\n\t\t\t\t<\/div>\n\t\t\t\t\t<\/div>\n\t\t<\/div>\n\t\t\t\t\t<\/div>\n\t\t<\/section>\n\t\t\t\t<\/div>\n\t\t","protected":false},"excerpt":{"rendered":"<p>Mini facelift or micro facelift is the ideal procedure for a first natural facelift. Unlike the cervico-facial lift, which is a complete face-lift, the mini lift is indicated for the first limited, localized slackening. A mini facelift lifts facial muscles that have begun to sag over time. It is offered to relatively young men and [&hellip;]<\/p>\n","protected":false},"author":1,"featured_media":0,"parent":219753,"menu_order":0,"comment_status":"closed","ping_status":"closed","template":"","meta":{"footnotes":""},"class_list":["post-219757","page","type-page","status-publish","hentry"],"yoast_head":"<!-- This site is optimized with the Yoast SEO plugin v27.2 - https:\/\/yoast.com\/product\/yoast-seo-wordpress\/ -->\n<title>Mini lift, Face lift in Geneva - B. Elias<\/title>\n<meta name=\"description\" content=\"Dr. Elias, based in Geneva, Switzerland, performs a gentle mini-lift to restore your face&#039;s youthful appearance.\" \/>\n<meta name=\"robots\" content=\"index, follow, max-snippet:-1, max-image-preview:large, max-video-preview:-1\" \/>\n<link rel=\"canonical\" href=\"https:\/\/www.drelias.ch\/en\/face\/minilift\/\" \/>\n<meta property=\"og:locale\" content=\"en_US\" \/>\n<meta property=\"og:type\" content=\"article\" \/>\n<meta property=\"og:title\" content=\"Mini lift, Face lift in Geneva - B. Elias\" \/>\n<meta property=\"og:description\" content=\"Dr. Elias, based in Geneva, Switzerland, performs a gentle mini-lift to restore your face&#039;s youthful appearance.\" \/>\n<meta property=\"og:url\" content=\"https:\/\/www.drelias.ch\/en\/face\/minilift\/\" \/>\n<meta property=\"og:site_name\" content=\"Dr Elias\" \/>\n<meta property=\"article:publisher\" content=\"https:\/\/www.facebook.com\/DrB.Elias\" \/>\n<meta property=\"article:modified_time\" content=\"2025-04-02T13:46:14+00:00\" \/>\n<meta name=\"twitter:card\" content=\"summary_large_image\" \/>\n<meta name=\"twitter:label1\" content=\"Est. reading time\" \/>\n\t<meta name=\"twitter:data1\" content=\"3 minutes\" \/>\n<script type=\"application\/ld+json\" class=\"yoast-schema-graph\">{\"@context\":\"https:\/\/schema.org\",\"@graph\":[{\"@type\":\"WebPage\",\"@id\":\"https:\/\/www.drelias.ch\/en\/face\/minilift\/\",\"url\":\"https:\/\/www.drelias.ch\/en\/face\/minilift\/\",\"name\":\"Mini lift, Face lift in Geneva - B. Elias\",\"isPartOf\":{\"@id\":\"https:\/\/www.drelias.ch\/en\/#website\"},\"datePublished\":\"2023-12-27T14:36:57+00:00\",\"dateModified\":\"2025-04-02T13:46:14+00:00\",\"description\":\"Dr. Elias, based in Geneva, Switzerland, performs a gentle mini-lift to restore your face's youthful appearance.\",\"breadcrumb\":{\"@id\":\"https:\/\/www.drelias.ch\/en\/face\/minilift\/#breadcrumb\"},\"inLanguage\":\"en-US\",\"potentialAction\":[{\"@type\":\"ReadAction\",\"target\":[\"https:\/\/www.drelias.ch\/en\/face\/minilift\/\"]}]},{\"@type\":\"BreadcrumbList\",\"@id\":\"https:\/\/www.drelias.ch\/en\/face\/minilift\/#breadcrumb\",\"itemListElement\":[{\"@type\":\"ListItem\",\"position\":1,\"name\":\"Accueil\",\"item\":\"https:\/\/www.drelias.ch\/en\/home-2\/\"},{\"@type\":\"ListItem\",\"position\":2,\"name\":\"Face\",\"item\":\"https:\/\/www.drelias.ch\/en\/face\/\"},{\"@type\":\"ListItem\",\"position\":3,\"name\":\"Minilift\"}]},{\"@type\":\"WebSite\",\"@id\":\"https:\/\/www.drelias.ch\/en\/#website\",\"url\":\"https:\/\/www.drelias.ch\/en\/\",\"name\":\"Dr Elias\",\"description\":\"Chirurgie esth\u00e9tique et plastique Gen\u00e8ve, Suisse\",\"potentialAction\":[{\"@type\":\"SearchAction\",\"target\":{\"@type\":\"EntryPoint\",\"urlTemplate\":\"https:\/\/www.drelias.ch\/en\/?s={search_term_string}\"},\"query-input\":{\"@type\":\"PropertyValueSpecification\",\"valueRequired\":true,\"valueName\":\"search_term_string\"}}],\"inLanguage\":\"en-US\"}]}<\/script>\n<!-- \/ Yoast SEO plugin. -->","yoast_head_json":{"title":"Mini lift, Face lift in Geneva - B. Elias","description":"Dr. Elias, based in Geneva, Switzerland, performs a gentle mini-lift to restore your face's youthful appearance.","robots":{"index":"index","follow":"follow","max-snippet":"max-snippet:-1","max-image-preview":"max-image-preview:large","max-video-preview":"max-video-preview:-1"},"canonical":"https:\/\/www.drelias.ch\/en\/face\/minilift\/","og_locale":"en_US","og_type":"article","og_title":"Mini lift, Face lift in Geneva - B. Elias","og_description":"Dr. Elias, based in Geneva, Switzerland, performs a gentle mini-lift to restore your face's youthful appearance.","og_url":"https:\/\/www.drelias.ch\/en\/face\/minilift\/","og_site_name":"Dr Elias","article_publisher":"https:\/\/www.facebook.com\/DrB.Elias","article_modified_time":"2025-04-02T13:46:14+00:00","twitter_card":"summary_large_image","twitter_misc":{"Est. reading time":"3 minutes"},"schema":{"@context":"https:\/\/schema.org","@graph":[{"@type":"WebPage","@id":"https:\/\/www.drelias.ch\/en\/face\/minilift\/","url":"https:\/\/www.drelias.ch\/en\/face\/minilift\/","name":"Mini lift, Face lift in Geneva - B. Elias","isPartOf":{"@id":"https:\/\/www.drelias.ch\/en\/#website"},"datePublished":"2023-12-27T14:36:57+00:00","dateModified":"2025-04-02T13:46:14+00:00","description":"Dr. Elias, based in Geneva, Switzerland, performs a gentle mini-lift to restore your face's youthful appearance.","breadcrumb":{"@id":"https:\/\/www.drelias.ch\/en\/face\/minilift\/#breadcrumb"},"inLanguage":"en-US","potentialAction":[{"@type":"ReadAction","target":["https:\/\/www.drelias.ch\/en\/face\/minilift\/"]}]},{"@type":"BreadcrumbList","@id":"https:\/\/www.drelias.ch\/en\/face\/minilift\/#breadcrumb","itemListElement":[{"@type":"ListItem","position":1,"name":"Accueil","item":"https:\/\/www.drelias.ch\/en\/home-2\/"},{"@type":"ListItem","position":2,"name":"Face","item":"https:\/\/www.drelias.ch\/en\/face\/"},{"@type":"ListItem","position":3,"name":"Minilift"}]},{"@type":"WebSite","@id":"https:\/\/www.drelias.ch\/en\/#website","url":"https:\/\/www.drelias.ch\/en\/","name":"Dr Elias","description":"Chirurgie esth\u00e9tique et plastique Gen\u00e8ve, Suisse","potentialAction":[{"@type":"SearchAction","target":{"@type":"EntryPoint","urlTemplate":"https:\/\/www.drelias.ch\/en\/?s={search_term_string}"},"query-input":{"@type":"PropertyValueSpecification","valueRequired":true,"valueName":"search_term_string"}}],"inLanguage":"en-US"}]}},"_links":{"self":[{"href":"https:\/\/www.drelias.ch\/en\/wp-json\/wp\/v2\/pages\/219757","targetHints":{"allow":["GET"]}}],"collection":[{"href":"https:\/\/www.drelias.ch\/en\/wp-json\/wp\/v2\/pages"}],"about":[{"href":"https:\/\/www.drelias.ch\/en\/wp-json\/wp\/v2\/types\/page"}],"author":[{"embeddable":true,"href":"https:\/\/www.drelias.ch\/en\/wp-json\/wp\/v2\/users\/1"}],"replies":[{"embeddable":true,"href":"https:\/\/www.drelias.ch\/en\/wp-json\/wp\/v2\/comments?post=219757"}],"version-history":[{"count":7,"href":"https:\/\/www.drelias.ch\/en\/wp-json\/wp\/v2\/pages\/219757\/revisions"}],"predecessor-version":[{"id":221151,"href":"https:\/\/www.drelias.ch\/en\/wp-json\/wp\/v2\/pages\/219757\/revisions\/221151"}],"up":[{"embeddable":true,"href":"https:\/\/www.drelias.ch\/en\/wp-json\/wp\/v2\/pages\/219753"}],"wp:attachment":[{"href":"https:\/\/www.drelias.ch\/en\/wp-json\/wp\/v2\/media?parent=219757"}],"curies":[{"name":"wp","href":"https:\/\/api.w.org\/{rel}","templated":true}]}}