{"id":219741,"date":"2023-11-01T12:49:43","date_gmt":"2023-11-01T11:49:43","guid":{"rendered":"https:\/\/www.drelias.ch\/\/dr-elias\/scientific-communications\/"},"modified":"2024-02-26T09:49:30","modified_gmt":"2024-02-26T08:49:30","slug":"scientific-communication","status":"publish","type":"page","link":"https:\/\/www.drelias.ch\/en\/about-drelias\/scientific-communication\/","title":{"rendered":"Scientific Communications"},"content":{"rendered":"\t\t<div data-elementor-type=\"wp-page\" data-elementor-id=\"219741\" class=\"elementor elementor-219741 elementor-1638\">\n\t\t\t\t\t\t<section class=\"xts-negative-gap elementor-section elementor-top-section elementor-element elementor-element-aabde2c elementor-section-boxed elementor-section-height-default elementor-section-height-default xts-section-disabled\" data-id=\"aabde2c\" data-element_type=\"section\" data-e-type=\"section\">\n\t\t\t\t\t\t<div class=\"elementor-container elementor-column-gap-wide\">\n\t\t\t\t\t<div class=\"elementor-column elementor-col-66 elementor-top-column elementor-element elementor-element-046e579\" data-id=\"046e579\" data-element_type=\"column\" data-e-type=\"column\">\n\t\t\t<div class=\"elementor-widget-wrap elementor-element-populated\">\n\t\t\t\t\t\t<div class=\"elementor-element elementor-element-145f269 elementor-widget elementor-widget-heading\" data-id=\"145f269\" data-element_type=\"widget\" data-e-type=\"widget\" data-widget_type=\"heading.default\">\n\t\t\t\t<div class=\"elementor-widget-container\">\n\t\t\t\t\t<h2 class=\"elementor-heading-title elementor-size-large\">Scientific Communications<\/h2>\t\t\t\t<\/div>\n\t\t\t\t<\/div>\n\t\t\t\t<div class=\"elementor-element elementor-element-8ec3077 elementor-widget__width-initial xts-scheme-inherit xts-textalign-inherit elementor-widget elementor-widget-text-editor\" data-id=\"8ec3077\" data-element_type=\"widget\" data-e-type=\"widget\" data-widget_type=\"text-editor.default\">\n\t\t\t\t<div class=\"elementor-widget-container\">\n\t\t\t\t\t\t\t\t\t<p style=\"text-align: justify;\"><b>1- ELIAS B, STAUDT JP, VAN VYVE E<br \/><\/b>LASGB Pouch dilatation: A major complication. How to avoid it. Change the band type or the technical approach<br \/><i>5th Congress of the International Federation for the Surgery of obesity, Genoa, Italy &#8211; 22 septembre 2000<\/i><\/p>\n<p style=\"text-align: justify;\"><b>2- ELIAS B, VANWIJCK R, BOON L<br \/><\/b>Surgical treatment of hemangioma: Why-When-How<br \/><i>Congr\u00e8s de la soci\u00e9t\u00e9 belge de chirurgie plastique (r\u00e9union de printemps), avril 2002<\/i><\/p>\n<p><b>3- ELIAS B, VANWIJCK R, BOON L<br \/><\/b>Traitement chirurgical des h\u00e9mangiomes : Pourquoi \u2013 Quand \u2013 Comment<br \/><i>Journ\u00e9e des jeunes plasticiens, Maison de la Chimie, Paris, mars 2003<\/i><\/p>\n<p><b>4- B ELIAS B, PITTET-CUENOD B<br \/><\/b>Les extravasations : le point de vue du plasticien.<br \/><i>4\u00e8me symposium Dispositifs Implantables de longue dur\u00e9e intra-veineux et intra-art\u00e9riel &#8211; Mus\u00e9e Olympique, Lausanne, 9 d\u00e9cembre 2004<\/i><\/p>\n<p><b>5- CIUBOTARIU N, ELIAS B, LENGELE B, VANWIJCK R, BAYET B<br \/><\/b>Evaluation \u00e0 long terme des reconstructions mammaires selon la technique des 3 fleurs de lys : \u00e0 propos de 198 cas.<br \/><i>Journ\u00e9e des jeunes plasticiens, 12 mars 2005, Paris<\/i><\/p>\n<p><b>6- MODARRESSI A, ELIAS B, HARDER Y, ZUBER C, SCHERTENLEIB P, CHASSOT G, HUBER O, PITTET B<\/b><br \/>How to asses the impact of plastic surgery on health-related Quality of life?<br \/><i>European Conference of Scientists and Plastic Surgeons ECSAPS, septembre 2005, Leuven, Belgique<\/i><\/p>\n<p><b>7- MODARRESSI A, ELIAS B, HARDER Y, PITTET B<br \/><\/b>Impact of body contouring after bariatric surgery on the health-related quality of life<br \/><i>Congr\u00e8s de la soci\u00e9t\u00e9 suisse de chirurgie plastique, Bienne, septembre 2005<\/i><\/p>\n<p><b>8- ELIAS B, MEUNIER D, VANWIJCK R<br \/><\/b>Immunological Tolerance to Skin Allograft after Graft versus Host disease<br \/><i>Congr\u00e8s de la soci\u00e9t\u00e9 suisse de chirurgie plastique, Bienne, septembre 2005<\/i><\/p>\n<p><b>9- TENORIO X, HARDER Y, ELIAS B, PITTET-CUENOD B<br \/><\/b>Imagerie infrarouge dynamique en chirurgie plastique.<br \/><i>Journ\u00e9e des jeunes plasticiens, Paris, mars 2006<\/i><\/p>\n<p><b>10- MODARRESSI A, ELIAS B, HARDER Y, PITTET-CUENOD B<br \/><\/b>L\u2019impact de la chirurgie reconstructive sur la qualit\u00e9 de vie des ob\u00e8ses morbides apr\u00e8s Chirurgie bariatrique<br \/><i>Journ\u00e9e des jeunes plasticiens, Paris, mars 2006<\/i><\/p>\n<p><b>11- TENORIO X, HARDER Y, ELIAS B, SCHAEPKENS VAN RIEMPST J, MONTANDON D, PITTET B<\/b><br \/>Dynamic Infrared Imaging in Reconstructive Flap Surgery: Gadget or Helpful Tool ?<br \/><i>Seventeenth Annual Meeting of European Association of Plastic Surgeons, Istanbul, mai 2006<\/i><\/p>\n<p><b>12- MODARRESSI A, ELIAS B, HARDER Y, SCHERTENLEIB P, ZUBER C, HUBER O, PITTET-CUENOD B<\/b><br \/>L\u2019impact de la chirurgie reconstructive sur la qualit\u00e9 de vie des ob\u00e8ses morbides apr\u00e8s Chirurgie bariatrique<br \/><i>XIX\u00e8me Congr\u00e8s de la Soci\u00e9t\u00e9 Fran\u00e7aise des Chirurgiens Esth\u00e9tiques Plasticiens<br \/>Lille, juin 2006<\/i><\/p>\n<p><b>13- HARDER Y, ELIAS B, VLASTOS G, SCHAFER P, MONTANDON D, PITTET-CUENOD B<\/b><br \/>Multidisciplinary breast cancer care: declaring and improving the standard?<br \/><i>42eme congr\u00e8s de la soci\u00e9t\u00e9 suisse de chirurgie plastique, reconstructive et esth\u00e9tique, Interlaken, septembre 2006<\/i><\/p>\n<p><b>14- SCHAEPKENS VAN RIEMST J, MODARRESSI A, HARDER Y, ELIAS B, MONTANDON D, PITTET-CUENOD B<\/b><br \/>Deep inferiror epigastric perforator free flap for breast reconstruction: Is the hassle worthwhile?<br \/><i>42eme congr\u00e8s de la soci\u00e9t\u00e9 suisse de chirurgie plastique, reconstructive et esth\u00e9tique, Interlaken, septembre 2006<\/i><\/p>\n<p><b>15- MODARRESSI A, SCHAEPKENS VAN RIEMST J, TENORIO X, ELIAS B,<br \/>PITTET-CUENOD B<\/b><br \/>Breast Augmentation: an unusual way to do it<br \/><i>42eme congr\u00e8s de la soci\u00e9t\u00e9 suisse de chirurgie plastique, reconstructive et esth\u00e9tique, Interlaken, septembre 2006<\/i><\/p>\n<p><b>16- ELIAS B, IMOBERSTEG N, HARDER Y, SCHLAUDRAFF K-U, WETTSTEIN R,<br \/>MONTANDON D, PITTET-CUENOD B<\/b><br \/>Rhinoplasty: a ten-year analysis<br \/><i>42eme congr\u00e8s de la soci\u00e9t\u00e9 suisse de chirurgie plastique, reconstructive et esth\u00e9tique, Interlaken, septembre 2006<\/i><\/p>\n<p><b>17- TENORIO X, HARDER Y, ELIAS B, PAWLOWSKI M, PITTET-CUENOD B<br \/><\/b>Flap monitoring using dynamic infrared imaging: a valuable tool in flap surgery?<br \/><i>42eme congr\u00e8s de la soci\u00e9t\u00e9 suisse de chirurgie plastique, reconstructive et esth\u00e9tique, Interlaken, septembre 2006<\/i><\/p>\n<p><b>18- TOBALEM M, MODARRESSI A, ELIAS B, HARDER Y, PITTET-CUENOD B<br \/><\/b>Forsbite in the sauna complicating heat stroke therapy<br \/><i>43\u00e8me congr\u00e8s de la soci\u00e9t\u00e9 Suisse de chirurgie plastique, reconstructive et esth\u00e9tique, Montreux, octobre 2007<\/i><\/p>\n<p><b>19- TENORIO X, CHAUOAT M, ELIAS B, MIMOUN M<br \/><\/b>La reconstruction de l\u2019ombilic<br \/><i>43\u00e8me congr\u00e8s de la soci\u00e9t\u00e9 Suisse de chirurgie plastique, reconstructive et esth\u00e9tique, Montreux, octobre 2007<\/i><\/p>\n<p><b>20- ELIAS B, MEYER O, HARDER Y, PITTET-CUENOD B<br \/><\/b>Immediate breast reconstruction after skin sparing mastectomy with definitive implants using a vicryl mesh: a comparative study<br \/><i>43\u00e8me congr\u00e8s de la soci\u00e9t\u00e9 Suisse de chirurgie plastique, reconstructive et esth\u00e9tique, Montreux, octobre 2007<\/i><\/p>\n<p><b>21- WETTSTEIN R, SCHAPKENS VAN RIEMPST J, MODARRESSI A, HARDER Y, ELIAS B, PITTET-CUENOD B<\/b><br \/>Le lambeau abdominal perforant base sur les vaisseaux \u00e9pigastriques inf\u00e9rieurs profonds (DIEP) pour la reconstruction du sein: l\u2019effort vaut-il la peine?<br \/><i>43\u00e8me congr\u00e8s de la soci\u00e9t\u00e9 Suisse de chirurgie plastique, reconstructive et esth\u00e9tique, Montreux, octobre 2007<\/i><\/p>\n<p><b>22- MEYER M, MODARRESSI A, AMINI K, CASTUS P, GACHIE E, GNIADEK P,<br \/>SCHAEPKENS VAN RIEMPST J, ELIAS B, PITTET-CUENOD B<\/b><br \/>R\u00e9trospective de 16 ans de lambeaux libres \u00e0 Gen\u00e8ve.<br \/><i>46\u00e8me congr\u00e8s de la Soci\u00e9t\u00e9 Suisse de Chirurgie Plastique, Reconstructive et Esth\u00e9tique Lausanne, Octobre 2010<\/i><\/p>\n<p><b>23- SCHAEPKENS VAN RIEMPST J, CASTUS P, MODARRESSI A, HARDER Y, ELIAS B, PITTET-CUENOD B<\/b><br \/>Our 11-year experience with DIEP flap breast reconstruction.<br \/><i>46\u00e8me congr\u00e8s de la Soci\u00e9t\u00e9 Suisse de Chirurgie Plastique, Reconstructive et Esth\u00e9tique, Lausanne, Octobre 2010<\/i><\/p>\n<p><b>24- ELIAS B<br \/><\/b>Post-Traumatic rhinoplasties : My approach<br \/><i>3rd SICAAAMS : Swiss International Congress in Anti-Aging, Aesthetic Medecine and Surgery, Gen\u00e8ve, Avril 2012<\/i><\/p>\n<p><b>25- ELIAS B<br \/><\/b>Aesthetic rhinoplasties : My approach<br \/><i>3rd SICAAAMS : Swiss International Congress in Anti-Aging, Aesthetic Medecine and Surgery, Gen\u00e8ve, Avril 2012<\/i><\/p>\n<p><b>26- MEYER GANZ O, TOBALEM M, PERNEGER T, MODARRESSI A, ELIAS B, PITTET-CUENOD B<\/b><br \/>Is Extension of the Subpectoral Pocket using a Polyglactin mesh in Immediate Breat Reconstruction Safe and Effective?<br \/><i>25th annual meeting of european association of platic surgeons EURAPS Ischia, Mai 2014<\/i><\/p>\n<p><b>27- ELIAS B, KOHLIK M<br \/><\/b>Immediate Breast Reconstruction: Are There Contraindications?<br \/><i>Journ\u00e9e du printemps de GRSSGO \u2013 Groupement<\/i><\/p>\n\t\t\t\t\t\t\t\t<\/div>\n\t\t\t\t<\/div>\n\t\t\t\t<div class=\"elementor-element elementor-element-0b90c88 elementor-widget elementor-widget-heading\" data-id=\"0b90c88\" data-element_type=\"widget\" data-e-type=\"widget\" data-widget_type=\"heading.default\">\n\t\t\t\t<div class=\"elementor-widget-container\">\n\t\t\t\t\t<h2 class=\"elementor-heading-title elementor-size-large\">Posters<\/h2>\t\t\t\t<\/div>\n\t\t\t\t<\/div>\n\t\t\t\t<div class=\"elementor-element elementor-element-bffeb39 elementor-widget__width-initial xts-scheme-inherit xts-textalign-inherit elementor-widget elementor-widget-text-editor\" data-id=\"bffeb39\" data-element_type=\"widget\" data-e-type=\"widget\" data-widget_type=\"text-editor.default\">\n\t\t\t\t<div class=\"elementor-widget-container\">\n\t\t\t\t\t\t\t\t\t<p><b>B. ELIAS, R. VANWIJCK<br><\/b>The Value of sentinel node mapping for staging melanoma<br><i>Poster expos\u00e9 au congr\u00e8s \u00ab&nbsp;Surgery of metastasis&nbsp;\u00bb, Grenzland Symposium, Leuven, Belgique, Septembre 2002<\/i><\/p>\n<p><b>M. TOBALEM, A. MODARRESSI, B. ELIAS, B. PITTET-CUENOD<br><\/b>Forsbite in the sauna<br><i>Poster expos\u00e9 au congr\u00e8s&nbsp;: European Burn Association, Lausanne, Suisse, Septembre 2009<\/i><\/p>\n<p><b>A. CAMPANELLI, B. ELIAS, O. MEYER, L. TOUTOUS-TRELLU<br><\/b>Prise en charge de la lipodystrophie faciale dans le contexte d\u2019un syndrome de<br>lipodystrophie associ\u00e9e au VIH par injections d\u2019acide hyaluronique.<br><i>SSDV, B\u00e2le 2009<\/i><\/p>\n<p><b>A. CAMPANELLI, B. ELIAS, O. MEYER, L. TOUTOUS-TRELLU<br><\/b>Prise en charge de la lipodystrophie faciale dans le contexte d\u2019un syndrome de<br>lipodystrophie associ\u00e9e au VIH par injections d\u2019acide hyaluronique.<br><i>IMCAS Paris, janvier 2010<\/i><\/p>\t\t\t\t\t\t\t\t<\/div>\n\t\t\t\t<\/div>\n\t\t\t\t\t<\/div>\n\t\t<\/div>\n\t\t\t\t<div class=\"elementor-column elementor-col-33 elementor-top-column elementor-element elementor-element-270f8e5\" data-id=\"270f8e5\" data-element_type=\"column\" data-e-type=\"column\">\n\t\t\t<div class=\"elementor-widget-wrap elementor-element-populated\">\n\t\t\t\t\t\t<div class=\"elementor-element elementor-element-cbd4ce9 elementor-widget elementor-widget-xts_team_member\" data-id=\"cbd4ce9\" data-element_type=\"widget\" data-e-type=\"widget\" data-widget_type=\"xts_team_member.default\">\n\t\t\t\t<div class=\"elementor-widget-container\">\n\t\t\t\t\t\r\n\t\t<div class=\"xts-member xts-design-mask xts-textalign-left xts-scheme-light xts-with-bg-color xts-with-shadow\">\r\n\t\t\t\t\t\t\t<div class=\"xts-member-image\">\r\n\t\t\t\t\t<img fetchpriority=\"high\" decoding=\"async\" width=\"420\" height=\"658\" src=\"https:\/\/www.drelias.ch\/wp-content\/uploads\/2023\/12\/Dr-elias-chirurgie-esthetique-geneve.jpg\" class=\"attachment-full size-full wp-image-1880\" alt=\"\" srcset=\"https:\/\/www.drelias.ch\/wp-content\/uploads\/2023\/12\/Dr-elias-chirurgie-esthetique-geneve.jpg 420w, https:\/\/www.drelias.ch\/wp-content\/uploads\/2023\/12\/Dr-elias-chirurgie-esthetique-geneve-319x500.jpg 319w\" sizes=\"(max-width: 420px) 100vw, 420px\" \/>\t\t\t\t<\/div>\r\n\t\t\t\r\n\t\t\t<div class=\"xts-member-content xts-reset-mb-10 xts-reset-last\">\r\n\t\t\t\t\t\t\t\t\t<h4 class=\"xts-member-name xts-fontsize-m\" data-elementor-setting-key=\"name\">\r\n\t\t\t\t\t\tDr Elias\t\t\t\t\t<\/h4>\r\n\t\t\t\t\r\n\t\t\t\t\t\t\t\t\t<div class=\"xts-member-position xts-fontsize-s\" data-elementor-setting-key=\"position\">\r\n\t\t\t\t\t\tPlastic, Reconstructive and Aesthetic Surgery\t\t\t\t\t<\/div>\r\n\t\t\t\t\r\n\t\t\t\t\r\n\t\t\t\t\t\t\t\t\t<div class=\"xts-social-buttons xts-social-icons xts-style-default xts-size-m xts-shape- xts-scheme-light\">\r\n\t\t\t\t\t\t\t\t\t\t\t\t\t<a target=\"_blank\" class=\"xts-social-facebook\" href=\"https:\/\/www.facebook.com\/DrB.Elias\">\r\n\t\t\t\t\t\t\t\t<i class=\"xts-i-facebook\"><\/i>\r\n\t\t\t\t\t\t\t<\/a>\r\n\t\t\t\t\t\t\t\t\t\t\t\t\t<a target=\"_blank\" class=\"xts-social-instagram\" href=\"https:\/\/www.instagram.com\/dreliasgeneva\/\">\r\n\t\t\t\t\t\t\t\t<i class=\"xts-i-instagram\"><\/i>\r\n\t\t\t\t\t\t\t<\/a>\r\n\t\t\t\t\t\t\t\t\t\t\t<\/div>\r\n\t\t\t\t\t\t\t<\/div>\r\n\t\t<\/div>\r\n\r\n\t\t\t\t\t\t<\/div>\n\t\t\t\t<\/div>\n\t\t\t\t\t<\/div>\n\t\t<\/div>\n\t\t\t\t\t<\/div>\n\t\t<\/section>\n\t\t\t\t<\/div>\n\t\t","protected":false},"excerpt":{"rendered":"<p>Scientific Communications 1- ELIAS B, STAUDT JP, VAN VYVE ELASGB Pouch dilatation: A major complication. How to avoid it. Change the band type or the technical approach5th Congress of the International Federation for the Surgery of obesity, Genoa, Italy &#8211; 22 septembre 2000 2- ELIAS B, VANWIJCK R, BOON LSurgical treatment of hemangioma: Why-When-HowCongr\u00e8s de [&hellip;]<\/p>\n","protected":false},"author":1,"featured_media":0,"parent":219729,"menu_order":4,"comment_status":"closed","ping_status":"closed","template":"","meta":{"footnotes":""},"class_list":["post-219741","page","type-page","status-publish","hentry"],"yoast_head":"<!-- This site is optimized with the Yoast SEO plugin v27.2 - https:\/\/yoast.com\/product\/yoast-seo-wordpress\/ -->\n<title>Scientific Communications - Dr Elias<\/title>\n<meta name=\"robots\" content=\"index, follow, max-snippet:-1, max-image-preview:large, max-video-preview:-1\" \/>\n<link rel=\"canonical\" href=\"https:\/\/www.drelias.ch\/en\/about-drelias\/scientific-communication\/\" \/>\n<meta property=\"og:locale\" content=\"en_US\" \/>\n<meta property=\"og:type\" content=\"article\" \/>\n<meta property=\"og:title\" content=\"Scientific Communications - Dr Elias\" \/>\n<meta property=\"og:description\" content=\"Scientific Communications 1- ELIAS B, STAUDT JP, VAN VYVE ELASGB Pouch dilatation: A major complication. How to avoid it. Change the band type or the technical approach5th Congress of the International Federation for the Surgery of obesity, Genoa, Italy &#8211; 22 septembre 2000 2- ELIAS B, VANWIJCK R, BOON LSurgical treatment of hemangioma: Why-When-HowCongr\u00e8s de [&hellip;]\" \/>\n<meta property=\"og:url\" content=\"https:\/\/www.drelias.ch\/en\/about-drelias\/scientific-communication\/\" \/>\n<meta property=\"og:site_name\" content=\"Dr Elias\" \/>\n<meta property=\"article:publisher\" content=\"https:\/\/www.facebook.com\/DrB.Elias\" \/>\n<meta property=\"article:modified_time\" content=\"2024-02-26T08:49:30+00:00\" \/>\n<meta property=\"og:image\" content=\"https:\/\/www.drelias.ch\/\/wp-content\/uploads\/2023\/12\/Dr-elias-chirurgie-esthetique-geneve.jpg\" \/>\n<meta name=\"twitter:card\" content=\"summary_large_image\" \/>\n<meta name=\"twitter:label1\" content=\"Est. reading time\" \/>\n\t<meta name=\"twitter:data1\" content=\"6 minutes\" \/>\n<script type=\"application\/ld+json\" class=\"yoast-schema-graph\">{\"@context\":\"https:\/\/schema.org\",\"@graph\":[{\"@type\":\"WebPage\",\"@id\":\"https:\/\/www.drelias.ch\/en\/about-drelias\/scientific-communication\/\",\"url\":\"https:\/\/www.drelias.ch\/en\/about-drelias\/scientific-communication\/\",\"name\":\"Scientific Communications - Dr Elias\",\"isPartOf\":{\"@id\":\"https:\/\/www.drelias.ch\/en\/#website\"},\"primaryImageOfPage\":{\"@id\":\"https:\/\/www.drelias.ch\/en\/about-drelias\/scientific-communication\/#primaryimage\"},\"image\":{\"@id\":\"https:\/\/www.drelias.ch\/en\/about-drelias\/scientific-communication\/#primaryimage\"},\"thumbnailUrl\":\"https:\/\/www.drelias.ch\/\/wp-content\/uploads\/2023\/12\/Dr-elias-chirurgie-esthetique-geneve.jpg\",\"datePublished\":\"2023-11-01T11:49:43+00:00\",\"dateModified\":\"2024-02-26T08:49:30+00:00\",\"breadcrumb\":{\"@id\":\"https:\/\/www.drelias.ch\/en\/about-drelias\/scientific-communication\/#breadcrumb\"},\"inLanguage\":\"en-US\",\"potentialAction\":[{\"@type\":\"ReadAction\",\"target\":[\"https:\/\/www.drelias.ch\/en\/about-drelias\/scientific-communication\/\"]}]},{\"@type\":\"ImageObject\",\"inLanguage\":\"en-US\",\"@id\":\"https:\/\/www.drelias.ch\/en\/about-drelias\/scientific-communication\/#primaryimage\",\"url\":\"https:\/\/www.drelias.ch\/\/wp-content\/uploads\/2023\/12\/Dr-elias-chirurgie-esthetique-geneve.jpg\",\"contentUrl\":\"https:\/\/www.drelias.ch\/\/wp-content\/uploads\/2023\/12\/Dr-elias-chirurgie-esthetique-geneve.jpg\"},{\"@type\":\"BreadcrumbList\",\"@id\":\"https:\/\/www.drelias.ch\/en\/about-drelias\/scientific-communication\/#breadcrumb\",\"itemListElement\":[{\"@type\":\"ListItem\",\"position\":1,\"name\":\"Accueil\",\"item\":\"https:\/\/www.drelias.ch\/en\/home-2\/\"},{\"@type\":\"ListItem\",\"position\":2,\"name\":\"Dr Elias\",\"item\":\"https:\/\/www.drelias.ch\/en\/chirurgien-esthetique-plastique-geneve\/\"},{\"@type\":\"ListItem\",\"position\":3,\"name\":\"Scientific Communications\"}]},{\"@type\":\"WebSite\",\"@id\":\"https:\/\/www.drelias.ch\/en\/#website\",\"url\":\"https:\/\/www.drelias.ch\/en\/\",\"name\":\"Dr Elias\",\"description\":\"Chirurgie esth\u00e9tique et plastique Gen\u00e8ve, Suisse\",\"potentialAction\":[{\"@type\":\"SearchAction\",\"target\":{\"@type\":\"EntryPoint\",\"urlTemplate\":\"https:\/\/www.drelias.ch\/en\/?s={search_term_string}\"},\"query-input\":{\"@type\":\"PropertyValueSpecification\",\"valueRequired\":true,\"valueName\":\"search_term_string\"}}],\"inLanguage\":\"en-US\"}]}<\/script>\n<!-- \/ Yoast SEO plugin. -->","yoast_head_json":{"title":"Scientific Communications - Dr Elias","robots":{"index":"index","follow":"follow","max-snippet":"max-snippet:-1","max-image-preview":"max-image-preview:large","max-video-preview":"max-video-preview:-1"},"canonical":"https:\/\/www.drelias.ch\/en\/about-drelias\/scientific-communication\/","og_locale":"en_US","og_type":"article","og_title":"Scientific Communications - Dr Elias","og_description":"Scientific Communications 1- ELIAS B, STAUDT JP, VAN VYVE ELASGB Pouch dilatation: A major complication. How to avoid it. Change the band type or the technical approach5th Congress of the International Federation for the Surgery of obesity, Genoa, Italy &#8211; 22 septembre 2000 2- ELIAS B, VANWIJCK R, BOON LSurgical treatment of hemangioma: Why-When-HowCongr\u00e8s de [&hellip;]","og_url":"https:\/\/www.drelias.ch\/en\/about-drelias\/scientific-communication\/","og_site_name":"Dr Elias","article_publisher":"https:\/\/www.facebook.com\/DrB.Elias","article_modified_time":"2024-02-26T08:49:30+00:00","og_image":[{"url":"https:\/\/www.drelias.ch\/\/wp-content\/uploads\/2023\/12\/Dr-elias-chirurgie-esthetique-geneve.jpg","type":"","width":"","height":""}],"twitter_card":"summary_large_image","twitter_misc":{"Est. reading time":"6 minutes"},"schema":{"@context":"https:\/\/schema.org","@graph":[{"@type":"WebPage","@id":"https:\/\/www.drelias.ch\/en\/about-drelias\/scientific-communication\/","url":"https:\/\/www.drelias.ch\/en\/about-drelias\/scientific-communication\/","name":"Scientific Communications - Dr Elias","isPartOf":{"@id":"https:\/\/www.drelias.ch\/en\/#website"},"primaryImageOfPage":{"@id":"https:\/\/www.drelias.ch\/en\/about-drelias\/scientific-communication\/#primaryimage"},"image":{"@id":"https:\/\/www.drelias.ch\/en\/about-drelias\/scientific-communication\/#primaryimage"},"thumbnailUrl":"https:\/\/www.drelias.ch\/\/wp-content\/uploads\/2023\/12\/Dr-elias-chirurgie-esthetique-geneve.jpg","datePublished":"2023-11-01T11:49:43+00:00","dateModified":"2024-02-26T08:49:30+00:00","breadcrumb":{"@id":"https:\/\/www.drelias.ch\/en\/about-drelias\/scientific-communication\/#breadcrumb"},"inLanguage":"en-US","potentialAction":[{"@type":"ReadAction","target":["https:\/\/www.drelias.ch\/en\/about-drelias\/scientific-communication\/"]}]},{"@type":"ImageObject","inLanguage":"en-US","@id":"https:\/\/www.drelias.ch\/en\/about-drelias\/scientific-communication\/#primaryimage","url":"https:\/\/www.drelias.ch\/\/wp-content\/uploads\/2023\/12\/Dr-elias-chirurgie-esthetique-geneve.jpg","contentUrl":"https:\/\/www.drelias.ch\/\/wp-content\/uploads\/2023\/12\/Dr-elias-chirurgie-esthetique-geneve.jpg"},{"@type":"BreadcrumbList","@id":"https:\/\/www.drelias.ch\/en\/about-drelias\/scientific-communication\/#breadcrumb","itemListElement":[{"@type":"ListItem","position":1,"name":"Accueil","item":"https:\/\/www.drelias.ch\/en\/home-2\/"},{"@type":"ListItem","position":2,"name":"Dr Elias","item":"https:\/\/www.drelias.ch\/en\/chirurgien-esthetique-plastique-geneve\/"},{"@type":"ListItem","position":3,"name":"Scientific Communications"}]},{"@type":"WebSite","@id":"https:\/\/www.drelias.ch\/en\/#website","url":"https:\/\/www.drelias.ch\/en\/","name":"Dr Elias","description":"Chirurgie esth\u00e9tique et plastique Gen\u00e8ve, Suisse","potentialAction":[{"@type":"SearchAction","target":{"@type":"EntryPoint","urlTemplate":"https:\/\/www.drelias.ch\/en\/?s={search_term_string}"},"query-input":{"@type":"PropertyValueSpecification","valueRequired":true,"valueName":"search_term_string"}}],"inLanguage":"en-US"}]}},"_links":{"self":[{"href":"https:\/\/www.drelias.ch\/en\/wp-json\/wp\/v2\/pages\/219741","targetHints":{"allow":["GET"]}}],"collection":[{"href":"https:\/\/www.drelias.ch\/en\/wp-json\/wp\/v2\/pages"}],"about":[{"href":"https:\/\/www.drelias.ch\/en\/wp-json\/wp\/v2\/types\/page"}],"author":[{"embeddable":true,"href":"https:\/\/www.drelias.ch\/en\/wp-json\/wp\/v2\/users\/1"}],"replies":[{"embeddable":true,"href":"https:\/\/www.drelias.ch\/en\/wp-json\/wp\/v2\/comments?post=219741"}],"version-history":[{"count":1,"href":"https:\/\/www.drelias.ch\/en\/wp-json\/wp\/v2\/pages\/219741\/revisions"}],"predecessor-version":[{"id":219742,"href":"https:\/\/www.drelias.ch\/en\/wp-json\/wp\/v2\/pages\/219741\/revisions\/219742"}],"up":[{"embeddable":true,"href":"https:\/\/www.drelias.ch\/en\/wp-json\/wp\/v2\/pages\/219729"}],"wp:attachment":[{"href":"https:\/\/www.drelias.ch\/en\/wp-json\/wp\/v2\/media?parent=219741"}],"curies":[{"name":"wp","href":"https:\/\/api.w.org\/{rel}","templated":true}]}}