{"id":219724,"date":"2023-12-12T10:50:57","date_gmt":"2023-12-12T09:50:57","guid":{"rendered":"https:\/\/www.drelias.ch\/\/lipostructure-visage-geneve\/"},"modified":"2024-03-27T11:13:37","modified_gmt":"2024-03-27T10:13:37","slug":"lipolifting-lipostructure","status":"publish","type":"page","link":"https:\/\/www.drelias.ch\/en\/face\/lipolifting-lipostructure\/","title":{"rendered":"Facial lipostructure"},"content":{"rendered":"\t\t<div data-elementor-type=\"wp-page\" data-elementor-id=\"219724\" class=\"elementor elementor-219724 elementor-1924\">\n\t\t\t\t\t\t<section class=\"xts-negative-gap elementor-section elementor-top-section elementor-element elementor-element-894c017 elementor-section-boxed elementor-section-height-default elementor-section-height-default xts-section-disabled\" data-id=\"894c017\" data-element_type=\"section\" data-e-type=\"section\">\n\t\t\t\t\t\t<div class=\"elementor-container elementor-column-gap-wider\">\n\t\t\t\t\t<div class=\"elementor-column elementor-col-50 elementor-top-column elementor-element elementor-element-82d3d55\" data-id=\"82d3d55\" data-element_type=\"column\" data-e-type=\"column\">\n\t\t\t<div class=\"elementor-widget-wrap elementor-element-populated\">\n\t\t\t\t\t\t<div class=\"elementor-element elementor-element-fc28054 elementor-widget elementor-widget-xts_title\" data-id=\"fc28054\" data-element_type=\"widget\" data-e-type=\"widget\" data-widget_type=\"xts_title.default\">\n\t\t\t\t<div class=\"elementor-widget-container\">\n\t\t\t\t\t\t\t\t<div class=\"xts-section-heading xts-reset-mb-10 xts-reset-last xts-textalign-left\" data-animation-delay=\"\">\r\n\t\t\t\t\r\n\t\t\t\t\t\t\t\t\t<h3 class=\"xts-section-title title xts-design-default xts-fontsize-m\">\r\n\t\t\t\t\t\t<span class=\"xts-section-title-text\" data-elementor-setting-key=\"title\">\r\n\t\t\t\t\t\t\tDescription\t\t\t\t\t\t<\/span>\r\n\r\n\t\t\t\t\t\t\t\t\t\t\t<\/h3>\r\n\t\t\t\t\r\n\t\t\t\t\r\n\t\t\t\t\t\t\t\t\t<div class=\"xts-section-desc\">\r\n\t\t\t\t\t\t<div class=\"xts-section-desc-text xts-reset-all-last\" data-elementor-setting-key=\"description\">\r\n\t\t\t\t\t\t\t<p style=\"text-align: justify;\">The objective is to achieve a real self-grafting of fat cells by reinjection of the fat taken from the patient himself. Lipostructure can be applied to a large number of cavities due natural conditions or post-traumatic stress:<br>\u2022 filling and reduction of dark circles (valley of tears) and some wrinkles;<br>\u2022 restoration of the \u201cfullness\u201d of a thin face or in the early stages of facial aging;<br>\u2022 restoration of volumes and shapes of appearing with aging;<br>\u2022 associated with some additional cervicofacial lift to improve the harmony of the face;<br>\u2022 as a second step, after a first facelift to improve the contour of the middle third of the face without the need for a new facelift.<\/p>\t\t\t\t\t\t<\/div>\r\n\t\t\t\t\t<\/div>\r\n\t\t\t\t\t\t\t<\/div>\r\n\t\t\t\t\t\t<\/div>\n\t\t\t\t<\/div>\n\t\t\t\t\t<\/div>\n\t\t<\/div>\n\t\t\t\t<div class=\"elementor-column elementor-col-50 elementor-top-column elementor-element elementor-element-56c8735\" data-id=\"56c8735\" data-element_type=\"column\" data-e-type=\"column\">\n\t\t\t<div class=\"elementor-widget-wrap elementor-element-populated\">\n\t\t\t\t\t\t<div class=\"elementor-element elementor-element-ecdf612 elementor-widget elementor-widget-xts_title\" data-id=\"ecdf612\" data-element_type=\"widget\" data-e-type=\"widget\" data-widget_type=\"xts_title.default\">\n\t\t\t\t<div class=\"elementor-widget-container\">\n\t\t\t\t\t\t\t\t<div class=\"xts-section-heading xts-reset-mb-10 xts-reset-last xts-textalign-left\" data-animation-delay=\"\">\r\n\t\t\t\t\r\n\t\t\t\t\t\t\t\t\t<h3 class=\"xts-section-title title xts-design-default xts-fontsize-m\">\r\n\t\t\t\t\t\t<span class=\"xts-section-title-text\" data-elementor-setting-key=\"title\">\r\n\t\t\t\t\t\t\tIntervention \t\t\t\t\t\t<\/span>\r\n\r\n\t\t\t\t\t\t\t\t\t\t\t<\/h3>\r\n\t\t\t\t\r\n\t\t\t\t\r\n\t\t\t\t\t\t\t\t\t<div class=\"xts-section-desc\">\r\n\t\t\t\t\t\t<div class=\"xts-section-desc-text xts-reset-all-last\" data-elementor-setting-key=\"description\">\r\n\t\t\t\t\t\t\t<p style=\"text-align: justify;\">Lipostructure can be performed under local or general anesthesia. The choice between these different techniques will be the result of a discussion between you and the surgeon. Hospitalization is almost always performed in ambulatory conditions, meaning the patient gets in a and out the the same day.<br>The removal of fatty tissues is done using a very fine cannula into a discrete area where there is a reserve or excess of fat tissues. Reinjection of the fat tissues is made \u200b\u200bfrom 1 mm incisions using micro-cannulas. Fat cells remain alive and transplanted in the body and live as long as the tissues that are around them.<\/p>\t\t\t\t\t\t<\/div>\r\n\t\t\t\t\t<\/div>\r\n\t\t\t\t\t\t\t<\/div>\r\n\t\t\t\t\t\t<\/div>\n\t\t\t\t<\/div>\n\t\t\t\t\t<\/div>\n\t\t<\/div>\n\t\t\t\t\t<\/div>\n\t\t<\/section>\n\t\t\t\t<section class=\"xts-negative-gap elementor-section elementor-top-section elementor-element elementor-element-f42e7a3 elementor-section-boxed elementor-section-height-default elementor-section-height-default xts-section-disabled\" data-id=\"f42e7a3\" data-element_type=\"section\" data-e-type=\"section\">\n\t\t\t\t\t\t<div class=\"elementor-container elementor-column-gap-wider\">\n\t\t\t\t\t<div class=\"elementor-column elementor-col-50 elementor-top-column elementor-element elementor-element-2a0473b\" data-id=\"2a0473b\" data-element_type=\"column\" data-e-type=\"column\">\n\t\t\t<div class=\"elementor-widget-wrap elementor-element-populated\">\n\t\t\t\t\t\t<div class=\"elementor-element elementor-element-355be5d elementor-widget elementor-widget-xts_title\" data-id=\"355be5d\" data-element_type=\"widget\" data-e-type=\"widget\" data-widget_type=\"xts_title.default\">\n\t\t\t\t<div class=\"elementor-widget-container\">\n\t\t\t\t\t\t\t\t<div class=\"xts-section-heading xts-reset-mb-10 xts-reset-last xts-textalign-left\" data-animation-delay=\"\">\r\n\t\t\t\t\r\n\t\t\t\t\t\t\t\t\t<h3 class=\"xts-section-title title xts-design-default xts-fontsize-m\">\r\n\t\t\t\t\t\t<span class=\"xts-section-title-text\" data-elementor-setting-key=\"title\">\r\n\t\t\t\t\t\t\tRecovery period\t\t\t\t\t\t<\/span>\r\n\r\n\t\t\t\t\t\t\t\t\t\t\t<\/h3>\r\n\t\t\t\t\r\n\t\t\t\t\r\n\t\t\t\t\t\t\t\t\t<div class=\"xts-section-desc\">\r\n\t\t\t\t\t\t<div class=\"xts-section-desc-text xts-reset-all-last\" data-elementor-setting-key=\"description\">\r\n\t\t\t\t\t\t\t<p style=\"text-align: justify;\">After a <strong>facial lipostructure<\/strong> operation, there is usually little pain and discomfort. After the absorption of swelling and bruising, the result begins to appear within 2 to 3 weeks after surgery.<\/p>\t\t\t\t\t\t<\/div>\r\n\t\t\t\t\t<\/div>\r\n\t\t\t\t\t\t\t<\/div>\r\n\t\t\t\t\t\t<\/div>\n\t\t\t\t<\/div>\n\t\t\t\t\t<\/div>\n\t\t<\/div>\n\t\t\t\t<div class=\"elementor-column elementor-col-50 elementor-top-column elementor-element elementor-element-0a0cb02\" data-id=\"0a0cb02\" data-element_type=\"column\" data-e-type=\"column\">\n\t\t\t<div class=\"elementor-widget-wrap elementor-element-populated\">\n\t\t\t\t\t\t<div class=\"elementor-element elementor-element-eb9be3a elementor-widget elementor-widget-xts_title\" data-id=\"eb9be3a\" data-element_type=\"widget\" data-e-type=\"widget\" data-widget_type=\"xts_title.default\">\n\t\t\t\t<div class=\"elementor-widget-container\">\n\t\t\t\t\t\t\t\t<div class=\"xts-section-heading xts-reset-mb-10 xts-reset-last xts-textalign-left\" data-animation-delay=\"\">\r\n\t\t\t\t\r\n\t\t\t\t\t\t\t\t\t<h3 class=\"xts-section-title title xts-design-default xts-fontsize-m\">\r\n\t\t\t\t\t\t<span class=\"xts-section-title-text\" data-elementor-setting-key=\"title\">\r\n\t\t\t\t\t\t\tResults\t\t\t\t\t\t<\/span>\r\n\r\n\t\t\t\t\t\t\t\t\t\t\t<\/h3>\r\n\t\t\t\t\r\n\t\t\t\t\r\n\t\t\t\t\t\t\t\t\t<div class=\"xts-section-desc\">\r\n\t\t\t\t\t\t<div class=\"xts-section-desc-text xts-reset-all-last\" data-elementor-setting-key=\"description\">\r\n\t\t\t\t\t\t\t<p style=\"text-align: justify;\">The beneficial effect of facial<strong> lipostructure<\/strong> can be appreciated 3 to 6 months after the procedure. It is generally satisfactory, whenever the indication and technique were correct: the cavities are filled and the volume restored.<\/p>\t\t\t\t\t\t<\/div>\r\n\t\t\t\t\t<\/div>\r\n\t\t\t\t\t\t\t<\/div>\r\n\t\t\t\t\t\t<\/div>\n\t\t\t\t<\/div>\n\t\t\t\t\t<\/div>\n\t\t<\/div>\n\t\t\t\t\t<\/div>\n\t\t<\/section>\n\t\t\t\t<section class=\"xts-negative-gap elementor-section elementor-top-section elementor-element elementor-element-a0f0a86 elementor-section-boxed elementor-section-height-default elementor-section-height-default xts-section-disabled\" data-id=\"a0f0a86\" data-element_type=\"section\" data-e-type=\"section\">\n\t\t\t\t\t\t<div class=\"elementor-container elementor-column-gap-default\">\n\t\t\t\t\t<div class=\"elementor-column elementor-col-100 elementor-top-column elementor-element elementor-element-7125f79c\" data-id=\"7125f79c\" data-element_type=\"column\" data-e-type=\"column\">\n\t\t\t<div class=\"elementor-widget-wrap elementor-element-populated\">\n\t\t\t\t\t\t<div class=\"elementor-element elementor-element-43728353 elementor-widget elementor-widget-xts_title\" data-id=\"43728353\" data-element_type=\"widget\" data-e-type=\"widget\" data-widget_type=\"xts_title.default\">\n\t\t\t\t<div class=\"elementor-widget-container\">\n\t\t\t\t\t\t\t\t<div class=\"xts-section-heading xts-reset-mb-10 xts-reset-last xts-textalign-center\" data-animation-delay=\"\">\r\n\t\t\t\t\r\n\t\t\t\t\t\t\t\t\t<h5 class=\"xts-section-title title xts-design-default xts-fontsize-l\">\r\n\t\t\t\t\t\t<span class=\"xts-section-title-text\" data-elementor-setting-key=\"title\">\r\n\t\t\t\t\t\t\tTESTIMONIALS\t\t\t\t\t\t<\/span>\r\n\r\n\t\t\t\t\t\t\t\t\t\t\t<\/h5>\r\n\t\t\t\t\r\n\t\t\t\t\r\n\t\t\t\t\t\t\t<\/div>\r\n\t\t\t\t\t\t<\/div>\n\t\t\t\t<\/div>\n\t\t\t\t<div class=\"elementor-element elementor-element-4ca61280 elementor-widget elementor-widget-xts_testimonials\" data-id=\"4ca61280\" data-element_type=\"widget\" data-e-type=\"widget\" data-widget_type=\"xts_testimonials.default\">\n\t\t\t\t<div class=\"elementor-widget-container\">\n\t\t\t\t\t\t\t\t<div class=\"xts-testimonials xts-textalign-center xts-autoplay-animations-off xts-carousel xts-lib-swiper xts-dots- xts-arrows-vpos-sides xts-arrows-design-default xts-init-on-scroll xts-row xts-row-lg-1 xts-row-md-2 xts-row-1 xts-row-spacing-20\"  data-xts-carousel  data-carousel-args='{\"autoplay\":\"no\",\"autoplay_speed\":null,\"infinite_loop\":\"no\",\"center_mode\":\"no\",\"draggable\":\"yes\",\"auto_height\":\"no\",\"init_on_scroll\":\"yes\",\"dots\":\"no\",\"dots_color_scheme\":null,\"arrows\":\"yes\",\"arrows_horizontal_position\":\"\",\"arrows_color_scheme\":\"dark\",\"arrows_vertical_position\":\"sides\",\"arrows_design\":\"default\",\"parent\":\"\",\"center_mode_opacity\":\"no\",\"library\":\"swiper\",\"source\":\"\",\"carousel_items\":{\"unit\":\"px\",\"size\":1,\"sizes\":[]},\"carousel_items_tablet\":{\"size\":2},\"carousel_items_mobile\":{\"size\":1},\"carousel_spacing\":20,\"controls_id\":\"69d1689b15b21\",\"sync\":\"disabled\",\"sync_parent_id\":null,\"sync_child_id\":null}' data-animation-delay=\"\">\r\n\t\t\t\t\t\t\t\t\t\r\n\t\t\t\t\t<div class=\"xts-col\">\r\n\t\t\t\t\t\t\r\n<div class=\"xts-testimonial\">\r\n\t<header class=\"xts-testimonial-header\">\r\n\t\t\r\n\t\t<div class=\"xts-testimonial-author xts-reset-mb-10 xts-reset-all-last\">\r\n\t\t\t\t\t\t\t<span class=\"title xts-testimonial-name xts-fontsize-m\" data-elementor-setting-key=\"testimonials.0.name\">\r\n\t\t\t\t\tAlexandra de Belay\t\t\t\t<\/span>\r\n\t\t\t\r\n\t\t\t\r\n\t\t\t\t\t\t\t<div class=\"xts-testimonial-user-title xts-fontsize-s\" data-elementor-setting-key=\"testimonials.0.title\">\r\n\t\t\t\t\t \t\t\t\t<\/div>\r\n\t\t\t\t\t<\/div>\r\n\t<\/header>\r\n\r\n\t\t\t<div class=\"xts-testimonial-desc\" data-elementor-setting-key=\"testimonials.0.description\">\r\n\t\t\t\nI had breast surgery in March 2018 by Doctor Elias and I am 100% satisfied with the result. From the very first consultation, Doctor Elias put me at ease and listened carefully. I immediately trusted him because he was able to give me the right advice with the right breast size and reassure me about my doubts. The operation went very smoothly, with no problems whatsoever, and the result is amazing! What's more, the pain was completely bearable. I'm delighted with my new breasts, which are very natural and suited to my body. The scars are gradually disappearing. I can only recommend Doctor Elias for your next operation!\t\t<\/div>\r\n\t<\/div>\t\t\t\t\t<\/div>\r\n\t\t\t\t\t\t\t\t\t\r\n\t\t\t\t\t<div class=\"xts-col\">\r\n\t\t\t\t\t\t\r\n<div class=\"xts-testimonial\">\r\n\t<header class=\"xts-testimonial-header\">\r\n\t\t\r\n\t\t<div class=\"xts-testimonial-author xts-reset-mb-10 xts-reset-all-last\">\r\n\t\t\t\t\t\t\t<span class=\"title xts-testimonial-name xts-fontsize-m\" data-elementor-setting-key=\"testimonials.1.name\">\r\n\t\t\t\t\tSebastien Perez\t\t\t\t<\/span>\r\n\t\t\t\r\n\t\t\t\r\n\t\t\t\t\t\t\t<div class=\"xts-testimonial-user-title xts-fontsize-s\" data-elementor-setting-key=\"testimonials.1.title\">\r\n\t\t\t\t\t \t\t\t\t<\/div>\r\n\t\t\t\t\t<\/div>\r\n\t<\/header>\r\n\r\n\t\t\t<div class=\"xts-testimonial-desc\" data-elementor-setting-key=\"testimonials.1.description\">\r\n\t\t\t\nA friend of mine highly recommended Dr. Elias as the best specialist in facial plastic surgery in Geneva. She told me he was competent, humane and nice.\nI still looked tired despite my young age, with deep, dark circles under my eyes.\nFrom the very first consultation, he put me at ease.\nHe suggested the latest technique, which combines my own fat with my plasma to correct my dark circles. The result is breathtaking.\nI look younger, fresher even when I don't sleep much.\nAfter a few months, the dark color faded considerably thanks to my plasma.\nI have a lot more confidence in myself, both in terms of relationships and professionally. I highly recommend it.\n\t\t<\/div>\r\n\t<\/div>\t\t\t\t\t<\/div>\r\n\t\t\t\t\t\t\t\t\t\r\n\t\t\t\t\t<div class=\"xts-col\">\r\n\t\t\t\t\t\t\r\n<div class=\"xts-testimonial\">\r\n\t<header class=\"xts-testimonial-header\">\r\n\t\t\r\n\t\t<div class=\"xts-testimonial-author xts-reset-mb-10 xts-reset-all-last\">\r\n\t\t\t\t\t\t\t<span class=\"title xts-testimonial-name xts-fontsize-m\" data-elementor-setting-key=\"testimonials.2.name\">\r\n\t\t\t\t\tJolie Fleur\t\t\t\t<\/span>\r\n\t\t\t\r\n\t\t\t\r\n\t\t\t\t\t\t\t<div class=\"xts-testimonial-user-title xts-fontsize-s\" data-elementor-setting-key=\"testimonials.2.title\">\r\n\t\t\t\t\t \t\t\t\t<\/div>\r\n\t\t\t\t\t<\/div>\r\n\t<\/header>\r\n\r\n\t\t\t<div class=\"xts-testimonial-desc\" data-elementor-setting-key=\"testimonials.2.description\">\r\n\t\t\t\nHello, I had surgery 5 months ago by Dr. Elias (breast augmentation) and I am more than satisfied with the result, which is not yet final! Le Dr Elias est un m\u00e9decin \u00e0 l\u2019\u00e9coute, gentil, disponible, humain, comp\u00e9tent et tr\u00e8s professionnel. I met him through a doctor friend. I'm thrilled, my scars are very small, I have a beautiful natural breast and I'm very, very, very happy. \nEverything was perfect from start to finish. I recommend it 100% ????. YOU ARE THE BEST DOCTOR ELIAS\t\t<\/div>\r\n\t<\/div>\t\t\t\t\t<\/div>\r\n\t\t\t\t\t\t\t<\/div>\r\n\t\t\t\t\t\t<\/div>\n\t\t\t\t<\/div>\n\t\t\t\t\t<\/div>\n\t\t<\/div>\n\t\t\t\t\t<\/div>\n\t\t<\/section>\n\t\t\t\t<\/div>\n\t\t","protected":false},"excerpt":{"rendered":"<p>Description The objective is to achieve a real self-grafting of fat cells by reinjection of the fat taken from the patient himself. Lipostructure can be applied to a large number of cavities due natural conditions or post-traumatic stress:\u2022 filling and reduction of dark circles (valley of tears) and some wrinkles;\u2022 restoration of the \u201cfullness\u201d of [&hellip;]<\/p>\n","protected":false},"author":1,"featured_media":0,"parent":219753,"menu_order":0,"comment_status":"closed","ping_status":"closed","template":"","meta":{"footnotes":""},"class_list":["post-219724","page","type-page","status-publish","hentry"],"yoast_head":"<!-- This site is optimized with the Yoast SEO plugin v27.2 - https:\/\/yoast.com\/product\/yoast-seo-wordpress\/ -->\n<title>Facial lipostructure in Geneva | Dr. Elias<\/title>\n<meta name=\"description\" content=\"Facial lipostructure surgeon in Geneva, Switzerland Elias welcomes you to its clinics in Switzerland to help you prepare for this operation.\" \/>\n<meta name=\"robots\" content=\"index, follow, max-snippet:-1, max-image-preview:large, max-video-preview:-1\" \/>\n<link rel=\"canonical\" href=\"https:\/\/www.drelias.ch\/en\/face\/lipolifting-lipostructure\/\" \/>\n<meta property=\"og:locale\" content=\"en_US\" \/>\n<meta property=\"og:type\" content=\"article\" \/>\n<meta property=\"og:title\" content=\"Facial lipostructure in Geneva | Dr. Elias\" \/>\n<meta property=\"og:description\" content=\"Facial lipostructure surgeon in Geneva, Switzerland Elias welcomes you to its clinics in Switzerland to help you prepare for this operation.\" \/>\n<meta property=\"og:url\" content=\"https:\/\/www.drelias.ch\/en\/face\/lipolifting-lipostructure\/\" \/>\n<meta property=\"og:site_name\" content=\"Dr Elias\" \/>\n<meta property=\"article:publisher\" content=\"https:\/\/www.facebook.com\/DrB.Elias\" \/>\n<meta property=\"article:modified_time\" content=\"2024-03-27T10:13:37+00:00\" \/>\n<meta name=\"twitter:card\" content=\"summary_large_image\" \/>\n<meta name=\"twitter:label1\" content=\"Est. reading time\" \/>\n\t<meta name=\"twitter:data1\" content=\"4 minutes\" \/>\n<script type=\"application\/ld+json\" class=\"yoast-schema-graph\">{\"@context\":\"https:\/\/schema.org\",\"@graph\":[{\"@type\":\"WebPage\",\"@id\":\"https:\/\/www.drelias.ch\/en\/face\/lipolifting-lipostructure\/\",\"url\":\"https:\/\/www.drelias.ch\/en\/face\/lipolifting-lipostructure\/\",\"name\":\"Facial lipostructure in Geneva | Dr. Elias\",\"isPartOf\":{\"@id\":\"https:\/\/www.drelias.ch\/en\/#website\"},\"datePublished\":\"2023-12-12T09:50:57+00:00\",\"dateModified\":\"2024-03-27T10:13:37+00:00\",\"description\":\"Facial lipostructure surgeon in Geneva, Switzerland Elias welcomes you to its clinics in Switzerland to help you prepare for this operation.\",\"breadcrumb\":{\"@id\":\"https:\/\/www.drelias.ch\/en\/face\/lipolifting-lipostructure\/#breadcrumb\"},\"inLanguage\":\"en-US\",\"potentialAction\":[{\"@type\":\"ReadAction\",\"target\":[\"https:\/\/www.drelias.ch\/en\/face\/lipolifting-lipostructure\/\"]}]},{\"@type\":\"BreadcrumbList\",\"@id\":\"https:\/\/www.drelias.ch\/en\/face\/lipolifting-lipostructure\/#breadcrumb\",\"itemListElement\":[{\"@type\":\"ListItem\",\"position\":1,\"name\":\"Accueil\",\"item\":\"https:\/\/www.drelias.ch\/en\/home-2\/\"},{\"@type\":\"ListItem\",\"position\":2,\"name\":\"Face\",\"item\":\"https:\/\/www.drelias.ch\/en\/face\/\"},{\"@type\":\"ListItem\",\"position\":3,\"name\":\"Facial lipostructure\"}]},{\"@type\":\"WebSite\",\"@id\":\"https:\/\/www.drelias.ch\/en\/#website\",\"url\":\"https:\/\/www.drelias.ch\/en\/\",\"name\":\"Dr Elias\",\"description\":\"Chirurgie esth\u00e9tique et plastique Gen\u00e8ve, Suisse\",\"potentialAction\":[{\"@type\":\"SearchAction\",\"target\":{\"@type\":\"EntryPoint\",\"urlTemplate\":\"https:\/\/www.drelias.ch\/en\/?s={search_term_string}\"},\"query-input\":{\"@type\":\"PropertyValueSpecification\",\"valueRequired\":true,\"valueName\":\"search_term_string\"}}],\"inLanguage\":\"en-US\"}]}<\/script>\n<!-- \/ Yoast SEO plugin. -->","yoast_head_json":{"title":"Facial lipostructure in Geneva | Dr. Elias","description":"Facial lipostructure surgeon in Geneva, Switzerland Elias welcomes you to its clinics in Switzerland to help you prepare for this operation.","robots":{"index":"index","follow":"follow","max-snippet":"max-snippet:-1","max-image-preview":"max-image-preview:large","max-video-preview":"max-video-preview:-1"},"canonical":"https:\/\/www.drelias.ch\/en\/face\/lipolifting-lipostructure\/","og_locale":"en_US","og_type":"article","og_title":"Facial lipostructure in Geneva | Dr. Elias","og_description":"Facial lipostructure surgeon in Geneva, Switzerland Elias welcomes you to its clinics in Switzerland to help you prepare for this operation.","og_url":"https:\/\/www.drelias.ch\/en\/face\/lipolifting-lipostructure\/","og_site_name":"Dr Elias","article_publisher":"https:\/\/www.facebook.com\/DrB.Elias","article_modified_time":"2024-03-27T10:13:37+00:00","twitter_card":"summary_large_image","twitter_misc":{"Est. reading time":"4 minutes"},"schema":{"@context":"https:\/\/schema.org","@graph":[{"@type":"WebPage","@id":"https:\/\/www.drelias.ch\/en\/face\/lipolifting-lipostructure\/","url":"https:\/\/www.drelias.ch\/en\/face\/lipolifting-lipostructure\/","name":"Facial lipostructure in Geneva | Dr. Elias","isPartOf":{"@id":"https:\/\/www.drelias.ch\/en\/#website"},"datePublished":"2023-12-12T09:50:57+00:00","dateModified":"2024-03-27T10:13:37+00:00","description":"Facial lipostructure surgeon in Geneva, Switzerland Elias welcomes you to its clinics in Switzerland to help you prepare for this operation.","breadcrumb":{"@id":"https:\/\/www.drelias.ch\/en\/face\/lipolifting-lipostructure\/#breadcrumb"},"inLanguage":"en-US","potentialAction":[{"@type":"ReadAction","target":["https:\/\/www.drelias.ch\/en\/face\/lipolifting-lipostructure\/"]}]},{"@type":"BreadcrumbList","@id":"https:\/\/www.drelias.ch\/en\/face\/lipolifting-lipostructure\/#breadcrumb","itemListElement":[{"@type":"ListItem","position":1,"name":"Accueil","item":"https:\/\/www.drelias.ch\/en\/home-2\/"},{"@type":"ListItem","position":2,"name":"Face","item":"https:\/\/www.drelias.ch\/en\/face\/"},{"@type":"ListItem","position":3,"name":"Facial lipostructure"}]},{"@type":"WebSite","@id":"https:\/\/www.drelias.ch\/en\/#website","url":"https:\/\/www.drelias.ch\/en\/","name":"Dr Elias","description":"Chirurgie esth\u00e9tique et plastique Gen\u00e8ve, Suisse","potentialAction":[{"@type":"SearchAction","target":{"@type":"EntryPoint","urlTemplate":"https:\/\/www.drelias.ch\/en\/?s={search_term_string}"},"query-input":{"@type":"PropertyValueSpecification","valueRequired":true,"valueName":"search_term_string"}}],"inLanguage":"en-US"}]}},"_links":{"self":[{"href":"https:\/\/www.drelias.ch\/en\/wp-json\/wp\/v2\/pages\/219724","targetHints":{"allow":["GET"]}}],"collection":[{"href":"https:\/\/www.drelias.ch\/en\/wp-json\/wp\/v2\/pages"}],"about":[{"href":"https:\/\/www.drelias.ch\/en\/wp-json\/wp\/v2\/types\/page"}],"author":[{"embeddable":true,"href":"https:\/\/www.drelias.ch\/en\/wp-json\/wp\/v2\/users\/1"}],"replies":[{"embeddable":true,"href":"https:\/\/www.drelias.ch\/en\/wp-json\/wp\/v2\/comments?post=219724"}],"version-history":[{"count":6,"href":"https:\/\/www.drelias.ch\/en\/wp-json\/wp\/v2\/pages\/219724\/revisions"}],"predecessor-version":[{"id":220702,"href":"https:\/\/www.drelias.ch\/en\/wp-json\/wp\/v2\/pages\/219724\/revisions\/220702"}],"up":[{"embeddable":true,"href":"https:\/\/www.drelias.ch\/en\/wp-json\/wp\/v2\/pages\/219753"}],"wp:attachment":[{"href":"https:\/\/www.drelias.ch\/en\/wp-json\/wp\/v2\/media?parent=219724"}],"curies":[{"name":"wp","href":"https:\/\/api.w.org\/{rel}","templated":true}]}}